{"id":1377,"date":"2022-05-14T14:33:03","date_gmt":"2022-05-14T12:33:03","guid":{"rendered":"https:\/\/alain.favier.org\/?page_id=1377"},"modified":"2022-05-14T14:35:14","modified_gmt":"2022-05-14T12:35:14","slug":"revue-de-presse-2","status":"publish","type":"page","link":"https:\/\/alain.favier.org\/index.php\/revue-de-presse-2\/","title":{"rendered":"Revue de presse"},"content":{"rendered":"\n<div class=\"wp-block-columns is-layout-flex wp-container-core-columns-is-layout-9d6595d7 wp-block-columns-is-layout-flex\">\n<div class=\"wp-block-column is-layout-flow wp-block-column-is-layout-flow\" style=\"flex-basis:33.33%\">\n<h2 class=\"has-white-color has-text-color wp-block-heading\">dd<\/h2>\n\n\n\n<h4 class=\"has-text-align-right wp-block-heading\">Une presse \u00e9logieuse lors de la sortie de la collection printemps-\u00e9t\u00e9 2019<\/h4>\n<\/div>\n\n\n\n<div class=\"wp-block-column is-layout-flow wp-block-column-is-layout-flow\" style=\"flex-basis:66.66%\">\n<div class=\"wp-block-columns is-layout-flex wp-container-core-columns-is-layout-9d6595d7 wp-block-columns-is-layout-flex\">\n<div class=\"wp-block-column is-layout-flow wp-block-column-is-layout-flow\">\n<figure class=\"wp-block-image size-large\"><img loading=\"lazy\" decoding=\"async\" width=\"735\" height=\"1024\" src=\"https:\/\/alain.favier.org\/wp-content\/uploads\/2021\/02\/elise-bazzar-def-735x1024.jpg\" alt=\"\" class=\"wp-image-1189\" srcset=\"https:\/\/alain.favier.org\/wp-content\/uploads\/2021\/02\/elise-bazzar-def-735x1024.jpg 735w, https:\/\/alain.favier.org\/wp-content\/uploads\/2021\/02\/elise-bazzar-def-215x300.jpg 215w, https:\/\/alain.favier.org\/wp-content\/uploads\/2021\/02\/elise-bazzar-def-768x1069.jpg 768w, https:\/\/alain.favier.org\/wp-content\/uploads\/2021\/02\/elise-bazzar-def-1103x1536.jpg 1103w, https:\/\/alain.favier.org\/wp-content\/uploads\/2021\/02\/elise-bazzar-def-1471x2048.jpg 1471w, https:\/\/alain.favier.org\/wp-content\/uploads\/2021\/02\/elise-bazzar-def-scaled.jpg 1839w\" sizes=\"auto, (max-width: 735px) 100vw, 735px\" \/><\/figure>\n<\/div>\n\n\n\n<div class=\"wp-block-column is-layout-flow wp-block-column-is-layout-flow\">\n<figure class=\"wp-block-image size-large\"><img loading=\"lazy\" decoding=\"async\" width=\"747\" height=\"1024\" src=\"https:\/\/alain.favier.org\/wp-content\/uploads\/2021\/02\/elise-elle-def-747x1024.jpg\" alt=\"\" class=\"wp-image-1190\" srcset=\"https:\/\/alain.favier.org\/wp-content\/uploads\/2021\/02\/elise-elle-def-747x1024.jpg 747w, https:\/\/alain.favier.org\/wp-content\/uploads\/2021\/02\/elise-elle-def-219x300.jpg 219w, https:\/\/alain.favier.org\/wp-content\/uploads\/2021\/02\/elise-elle-def-768x1053.jpg 768w, https:\/\/alain.favier.org\/wp-content\/uploads\/2021\/02\/elise-elle-def-1120x1536.jpg 1120w, https:\/\/alain.favier.org\/wp-content\/uploads\/2021\/02\/elise-elle-def-1493x2048.jpg 1493w, https:\/\/alain.favier.org\/wp-content\/uploads\/2021\/02\/elise-elle-def-scaled.jpg 1866w\" sizes=\"auto, (max-width: 747px) 100vw, 747px\" \/><\/figure>\n<\/div>\n<\/div>\n<\/div>\n<\/div>\n\n\n\n<div class=\"wp-block-columns is-layout-flex wp-container-core-columns-is-layout-9d6595d7 wp-block-columns-is-layout-flex\">\n<div class=\"wp-block-column is-layout-flow wp-block-column-is-layout-flow\" style=\"flex-basis:33.33%\"><\/div>\n\n\n\n<div class=\"wp-block-column is-layout-flow wp-block-column-is-layout-flow\" style=\"flex-basis:66.66%\">\n<div class=\"wp-block-columns is-layout-flex wp-container-core-columns-is-layout-9d6595d7 wp-block-columns-is-layout-flex\">\n<div class=\"wp-block-column is-layout-flow wp-block-column-is-layout-flow\">\n<figure class=\"wp-block-image size-large\"><img loading=\"lazy\" decoding=\"async\" width=\"753\" height=\"1024\" src=\"https:\/\/alain.favier.org\/wp-content\/uploads\/2021\/02\/vogue-def-753x1024.jpg\" alt=\"\" class=\"wp-image-1195\" srcset=\"https:\/\/alain.favier.org\/wp-content\/uploads\/2021\/02\/vogue-def-753x1024.jpg 753w, https:\/\/alain.favier.org\/wp-content\/uploads\/2021\/02\/vogue-def-221x300.jpg 221w, https:\/\/alain.favier.org\/wp-content\/uploads\/2021\/02\/vogue-def-768x1044.jpg 768w, https:\/\/alain.favier.org\/wp-content\/uploads\/2021\/02\/vogue-def.jpg 1000w\" sizes=\"auto, (max-width: 753px) 100vw, 753px\" \/><\/figure>\n<\/div>\n\n\n\n<div class=\"wp-block-column is-layout-flow wp-block-column-is-layout-flow\">\n<figure class=\"wp-block-image size-large\"><img loading=\"lazy\" decoding=\"async\" width=\"700\" height=\"960\" src=\"https:\/\/alain.favier.org\/wp-content\/uploads\/2021\/02\/voici-def.jpg\" alt=\"\" class=\"wp-image-1196\" srcset=\"https:\/\/alain.favier.org\/wp-content\/uploads\/2021\/02\/voici-def.jpg 700w, https:\/\/alain.favier.org\/wp-content\/uploads\/2021\/02\/voici-def-219x300.jpg 219w\" sizes=\"auto, (max-width: 700px) 100vw, 700px\" \/><\/figure>\n<\/div>\n<\/div>\n<\/div>\n<\/div>\n\n\n\n<div class=\"wp-block-columns is-layout-flex wp-container-core-columns-is-layout-9d6595d7 wp-block-columns-is-layout-flex\">\n<div class=\"wp-block-column is-layout-flow wp-block-column-is-layout-flow\" style=\"flex-basis:100%\"><\/div>\n<\/div>\n\n\n\n<div class=\"wp-block-columns is-layout-flex wp-container-core-columns-is-layout-9d6595d7 wp-block-columns-is-layout-flex\">\n<div class=\"wp-block-column is-layout-flow wp-block-column-is-layout-flow\" style=\"flex-basis:33.33%\">\n<figure class=\"wp-block-image size-large\"><img loading=\"lazy\" decoding=\"async\" width=\"758\" height=\"1024\" src=\"https:\/\/alain.favier.org\/wp-content\/uploads\/2021\/02\/Equipe-Elise3-758x1024.jpg\" alt=\"\" class=\"wp-image-1191\" srcset=\"https:\/\/alain.favier.org\/wp-content\/uploads\/2021\/02\/Equipe-Elise3-758x1024.jpg 758w, https:\/\/alain.favier.org\/wp-content\/uploads\/2021\/02\/Equipe-Elise3-222x300.jpg 222w, https:\/\/alain.favier.org\/wp-content\/uploads\/2021\/02\/Equipe-Elise3-768x1037.jpg 768w, https:\/\/alain.favier.org\/wp-content\/uploads\/2021\/02\/Equipe-Elise3-1138x1536.jpg 1138w, https:\/\/alain.favier.org\/wp-content\/uploads\/2021\/02\/Equipe-Elise3-1517x2048.jpg 1517w, https:\/\/alain.favier.org\/wp-content\/uploads\/2021\/02\/Equipe-Elise3-scaled.jpg 1896w\" sizes=\"auto, (max-width: 758px) 100vw, 758px\" \/><\/figure>\n<\/div>\n\n\n\n<div class=\"wp-block-column is-layout-flow wp-block-column-is-layout-flow\" style=\"flex-basis:66.66%\">\n<h2 class=\"has-white-color has-text-color wp-block-heading\">dfvdvd<\/h2>\n\n\n\n<h4 class=\"wp-block-heading\">Les M\u00e9nuires 2020, la troisi\u00e8me \u00e9toile.<\/h4>\n<\/div>\n<\/div>\n\n\n\n<div class=\"wp-block-columns is-layout-flex wp-container-core-columns-is-layout-9d6595d7 wp-block-columns-is-layout-flex\">\n<div class=\"wp-block-column is-layout-flow wp-block-column-is-layout-flow\" style=\"flex-basis:66.66%\">\n<h2 class=\"has-white-color has-text-color wp-block-heading\">sdvvv<\/h2>\n\n\n\n<h4 class=\"has-text-align-right wp-block-heading\">Les DNA relatent l&rsquo;exposition au mus\u00e9e Fischart de mars 2020.<\/h4>\n<\/div>\n\n\n\n<div class=\"wp-block-column is-layout-flow wp-block-column-is-layout-flow\" style=\"flex-basis:33.33%\">\n<figure class=\"wp-block-image size-large\"><img loading=\"lazy\" decoding=\"async\" width=\"235\" height=\"359\" src=\"https:\/\/alain.favier.org\/wp-content\/uploads\/2021\/02\/dna.jpg\" alt=\"\" class=\"wp-image-1188\" srcset=\"https:\/\/alain.favier.org\/wp-content\/uploads\/2021\/02\/dna.jpg 235w, https:\/\/alain.favier.org\/wp-content\/uploads\/2021\/02\/dna-196x300.jpg 196w\" sizes=\"auto, (max-width: 235px) 100vw, 235px\" \/><\/figure>\n<\/div>\n<\/div>\n\n\n\n<div class=\"wp-block-columns is-layout-flex wp-container-core-columns-is-layout-9d6595d7 wp-block-columns-is-layout-flex\">\n<div class=\"wp-block-column is-layout-flow wp-block-column-is-layout-flow\" style=\"flex-basis:66.66%\">\n<div class=\"wp-block-columns is-layout-flex wp-container-core-columns-is-layout-9d6595d7 wp-block-columns-is-layout-flex\">\n<div class=\"wp-block-column is-layout-flow wp-block-column-is-layout-flow\">\n<figure class=\"wp-block-image size-large\"><img loading=\"lazy\" decoding=\"async\" width=\"620\" height=\"807\" src=\"https:\/\/alain.favier.org\/wp-content\/uploads\/2021\/02\/Match2.TER_.jpg\" alt=\"\" class=\"wp-image-1193\" srcset=\"https:\/\/alain.favier.org\/wp-content\/uploads\/2021\/02\/Match2.TER_.jpg 620w, https:\/\/alain.favier.org\/wp-content\/uploads\/2021\/02\/Match2.TER_-230x300.jpg 230w\" sizes=\"auto, (max-width: 620px) 100vw, 620px\" \/><\/figure>\n<\/div>\n\n\n\n<div class=\"wp-block-column is-layout-flow wp-block-column-is-layout-flow\">\n<figure class=\"wp-block-image size-large\"><img loading=\"lazy\" decoding=\"async\" width=\"830\" height=\"1024\" src=\"https:\/\/alain.favier.org\/wp-content\/uploads\/2021\/02\/arts-mag2bis-830x1024.jpg\" alt=\"\" class=\"wp-image-1187\" srcset=\"https:\/\/alain.favier.org\/wp-content\/uploads\/2021\/02\/arts-mag2bis-830x1024.jpg 830w, https:\/\/alain.favier.org\/wp-content\/uploads\/2021\/02\/arts-mag2bis-243x300.jpg 243w, https:\/\/alain.favier.org\/wp-content\/uploads\/2021\/02\/arts-mag2bis-768x947.jpg 768w, https:\/\/alain.favier.org\/wp-content\/uploads\/2021\/02\/arts-mag2bis-1245x1536.jpg 1245w, https:\/\/alain.favier.org\/wp-content\/uploads\/2021\/02\/arts-mag2bis-1660x2048.jpg 1660w, https:\/\/alain.favier.org\/wp-content\/uploads\/2021\/02\/arts-mag2bis-scaled.jpg 2076w\" sizes=\"auto, (max-width: 830px) 100vw, 830px\" \/><\/figure>\n<\/div>\n<\/div>\n<\/div>\n\n\n\n<div class=\"wp-block-column is-layout-flow wp-block-column-is-layout-flow\" style=\"flex-basis:33.33%\">\n<h2 class=\"has-white-color has-text-color wp-block-heading\">dfff<\/h2>\n\n\n\n<h4 class=\"has-text-align-left wp-block-heading\">les m\u00e9dias encensent \u00e0 nouveau le talent de la jeune artiste<\/h4>\n<\/div>\n<\/div>\n\n\n\n<div class=\"wp-block-columns is-layout-flex wp-container-core-columns-is-layout-9d6595d7 wp-block-columns-is-layout-flex\">\n<div class=\"wp-block-column is-layout-flow wp-block-column-is-layout-flow\">\n<h4 class=\"wp-block-heading\">  <\/h4>\n\n\n\n<h4 class=\"wp-block-heading\">2022 EliseF se lance dans la cuisine et fait \u00e0 nouveau la une.<\/h4>\n<\/div>\n\n\n\n<div class=\"wp-block-column is-layout-flow wp-block-column-is-layout-flow\">\n<figure class=\"wp-block-image size-large is-resized\"><img loading=\"lazy\" decoding=\"async\" src=\"https:\/\/alain.favier.org\/wp-content\/uploads\/2022\/05\/elise-femme-actuelle-5-832x1024.jpg\" alt=\"\" class=\"wp-image-1372\" width=\"328\" height=\"402\"\/><\/figure>\n<\/div>\n\n\n\n<div class=\"wp-block-column is-layout-flow wp-block-column-is-layout-flow\">\n<figure class=\"wp-block-image size-full is-resized\"><img loading=\"lazy\" decoding=\"async\" src=\"https:\/\/alain.favier.org\/wp-content\/uploads\/2022\/05\/Elise-Gault-et-Millau-1.jpg\" alt=\"\" class=\"wp-image-1371\" width=\"300\" height=\"410\" srcset=\"https:\/\/alain.favier.org\/wp-content\/uploads\/2022\/05\/Elise-Gault-et-Millau-1.jpg 744w, https:\/\/alain.favier.org\/wp-content\/uploads\/2022\/05\/Elise-Gault-et-Millau-1-219x300.jpg 219w\" sizes=\"auto, (max-width: 300px) 100vw, 300px\" \/><\/figure>\n<\/div>\n<\/div>\n","protected":false},"excerpt":{"rendered":"<p>dd Une presse \u00e9logieuse lors de la sortie de la collection printemps-\u00e9t\u00e9 2019 dfvdvd Les M\u00e9nuires 2020, la troisi\u00e8me \u00e9toile. sdvvv Les DNA relatent l&rsquo;exposition au mus\u00e9e Fischart de mars 2020. dfff les m\u00e9dias encensent \u00e0 nouveau le talent de &hellip; <a href=\"https:\/\/alain.favier.org\/index.php\/revue-de-presse-2\/\">Lire la suite\u00ad\u00ad<\/a><\/p>\n","protected":false},"author":1,"featured_media":0,"parent":0,"menu_order":0,"comment_status":"closed","ping_status":"closed","template":"page-feature.php","meta":{"footnotes":""},"class_list":["post-1377","page","type-page","status-publish","hentry"],"_links":{"self":[{"href":"https:\/\/alain.favier.org\/index.php\/wp-json\/wp\/v2\/pages\/1377","targetHints":{"allow":["GET"]}}],"collection":[{"href":"https:\/\/alain.favier.org\/index.php\/wp-json\/wp\/v2\/pages"}],"about":[{"href":"https:\/\/alain.favier.org\/index.php\/wp-json\/wp\/v2\/types\/page"}],"author":[{"embeddable":true,"href":"https:\/\/alain.favier.org\/index.php\/wp-json\/wp\/v2\/users\/1"}],"replies":[{"embeddable":true,"href":"https:\/\/alain.favier.org\/index.php\/wp-json\/wp\/v2\/comments?post=1377"}],"version-history":[{"count":3,"href":"https:\/\/alain.favier.org\/index.php\/wp-json\/wp\/v2\/pages\/1377\/revisions"}],"predecessor-version":[{"id":1383,"href":"https:\/\/alain.favier.org\/index.php\/wp-json\/wp\/v2\/pages\/1377\/revisions\/1383"}],"wp:attachment":[{"href":"https:\/\/alain.favier.org\/index.php\/wp-json\/wp\/v2\/media?parent=1377"}],"curies":[{"name":"wp","href":"https:\/\/api.w.org\/{rel}","templated":true}]}}